{"id":92,"date":"2019-11-21T16:17:17","date_gmt":"2019-11-21T15:17:17","guid":{"rendered":"http:\/\/localhost:8888\/uwg\/?page_id=92"},"modified":"2020-12-27T10:57:29","modified_gmt":"2020-12-27T09:57:29","slug":"ueber-uwg-attendorn","status":"publish","type":"page","link":"https:\/\/www.uwg-attendorn.de\/site\/ueber-uwg-attendorn\/","title":{"rendered":"\u00dcber UWG Attendorn"},"content":{"rendered":"<p><div class=\"fusion-fullwidth fullwidth-box fusion-builder-row-1 nonhundred-percent-fullwidth non-hundred-percent-height-scrolling\"  style='background-color: rgba(255,255,255,0);background-position: center center;background-repeat: no-repeat;padding-top:0px;padding-right:0px;padding-bottom:100px;padding-left:0px;'><div class=\"fusion-builder-row fusion-row \"><div  class=\"fusion-layout-column fusion_builder_column fusion_builder_column_1_1 fusion-builder-column-1 fusion-one-full fusion-column-first fusion-column-last 1_1\"  style='margin-top:0px;margin-bottom:0px;'>\n\t\t\t\t\t<div class=\"fusion-column-wrapper\" style=\"padding: 0px 0px 0px 0px;background-position:left top;background-repeat:no-repeat;-webkit-background-size:cover;-moz-background-size:cover;-o-background-size:cover;background-size:cover;\"   data-bg-url=\"\">\n\t\t\t\t\t\t<div class=\"fusion-text\"><h1>\u00dcber die UWG Attendorn<\/h1>\n<\/div><div class=\"fusion-clearfix\"><\/div>\n\n\t\t\t\t\t<\/div>\n\t\t\t\t<\/div><\/div><\/div><div class=\"fusion-fullwidth fullwidth-box fusion-builder-row-2 fusion-parallax-none nonhundred-percent-fullwidth non-hundred-percent-height-scrolling\"  style='background-color: #ffc800;background-image: url(\"https:\/\/uwg-attendorn.de\/site\/wp-content\/uploads\/2019\/11\/bg-verlauf.jpg\");background-position: center center;background-repeat: no-repeat;padding-top:60px;padding-right:0px;padding-bottom:60px;padding-left:0px;-webkit-background-size:cover;-moz-background-size:cover;-o-background-size:cover;background-size:cover;'><div class=\"fusion-builder-row fusion-row \"><div  class=\"fusion-layout-column fusion_builder_column fusion_builder_column_1_1 fusion-builder-column-2 fusion-one-full fusion-column-first fusion-column-last 1_1\"  style='margin-top:0px;margin-bottom:0px;'>\n\t\t\t\t\t<div class=\"fusion-column-wrapper\" style=\"padding: 0px 0px 0px 0px;background-position:left top;background-repeat:no-repeat;-webkit-background-size:cover;-moz-background-size:cover;-o-background-size:cover;background-size:cover;\"   data-bg-url=\"\">\n\t\t\t\t\t\t<div class=\"fusion-text\"><h2>Wer ist die UWG?<\/h2>\n<p>Die unabh\u00e4ngige W\u00e4hlergemeinschaft Attendorn, kurz UWG Attendorn, ist ein Zusammenschluss engagierter B\u00fcrger aus Attendorn die sich seit \u00fcber 30 Jahren f\u00fcr eine b\u00fcrgernahe und ortsbezogene Politik einsetzen und ma\u00dfgeblich mitgestalten. Sie treten bei Wahlen an, ohne den Status einer politischen Partei zu haben.\u00a0Wir sind nicht von bundespolitischen Trends und Interessen abh\u00e4ngig, sondern fokussieren uns auf die Herausforderungen, die wir ganz konkret in Attendorn haben.<\/p>\n<h3>Wir sind ein Verein \u2013 keine Partei.<\/h3>\n<p>Dies erm\u00f6glicht es uns, dort Akzente zu setzen, wo andere Gruppierungen an Fraktionszw\u00e4ngen und oder Bundes- und landespolitischen Parteiprogrammen gebunden sind.<\/p>\n<\/div><div class=\"fusion-clearfix\"><\/div>\n\n\t\t\t\t\t<\/div>\n\t\t\t\t<\/div><div  class=\"fusion-layout-column fusion_builder_column fusion_builder_column_1_4 fusion-builder-column-3 fusion-one-fourth fusion-column-first 1_4\"  style='margin-top:0px;margin-bottom:20px;width:25%;width:calc(25% - ( ( 4% + 4% ) * 0.25 ) );margin-right: 4%;'>\n\t\t\t\t\t<div class=\"fusion-column-wrapper\" style=\"padding: 0px 0px 0px 0px;background-position:left top;background-repeat:no-repeat;-webkit-background-size:cover;-moz-background-size:cover;-o-background-size:cover;background-size:cover;\"   data-bg-url=\"\">\n\t\t\t\t\t\t<div class=\"fusion-clearfix\"><\/div>\n\n\t\t\t\t\t<\/div>\n\t\t\t\t<\/div><div  class=\"fusion-layout-column fusion_builder_column fusion_builder_column_1_2 fusion-builder-column-4 fusion-one-half 1_2\"  style='margin-top:0px;margin-bottom:20px;width:50%;width:calc(50% - ( ( 4% + 4% ) * 0.5 ) );margin-right: 4%;'>\n\t\t\t\t\t<div class=\"fusion-column-wrapper\" style=\"padding: 0px 0px 0px 0px;background-position:left top;background-repeat:no-repeat;-webkit-background-size:cover;-moz-background-size:cover;-o-background-size:cover;background-size:cover;\"   data-bg-url=\"\">\n\t\t\t\t\t\t<div class=\"fusion-text\"><h3 style=\"text-align: center;\" data-fontsize=\"16\" data-lineheight=\"25\">Ganz nach dem Motto:<\/h3>\n<p style=\"text-align: center;\">Wir \u2013 die Unabh\u00e4ngige W\u00e4hlergemeinschaft, vertreten die Interessen der B\u00fcrger ohne Parteipolitik.<\/p>\n<p style=\"text-align: center;\">Bessere Lebensbedingungen ganz nach den Erfordernissen <span style=\"color: var(--body_typography-color); font-family: var(--body_typography-font-family); font-size: var(--body_typography-font-size); font-style: var(--body_typography-font-style,normal); font-weight: var(--body_typography-font-weight); letter-spacing: var(--body_typography-letter-spacing);\">unserer Einwohner.<\/span><\/p>\n<p style=\"text-align: center;\">Das ist unsere Verantwortung \u2013 unabh\u00e4ngig, transparent und b\u00fcrgernah.<\/p>\n<\/div><div class=\"fusion-clearfix\"><\/div>\n\n\t\t\t\t\t<\/div>\n\t\t\t\t<\/div><div  class=\"fusion-layout-column fusion_builder_column fusion_builder_column_1_4 fusion-builder-column-5 fusion-one-fourth fusion-column-last 1_4\"  style='margin-top:0px;margin-bottom:20px;width:25%;width:calc(25% - ( ( 4% + 4% ) * 0.25 ) );'>\n\t\t\t\t\t<div class=\"fusion-column-wrapper\" style=\"padding: 0px 0px 0px 0px;background-position:left top;background-repeat:no-repeat;-webkit-background-size:cover;-moz-background-size:cover;-o-background-size:cover;background-size:cover;\"   data-bg-url=\"\">\n\t\t\t\t\t\t<div class=\"fusion-clearfix\"><\/div>\n\n\t\t\t\t\t<\/div>\n\t\t\t\t<\/div><\/div><\/div><div class=\"fusion-fullwidth fullwidth-box fusion-builder-row-3 nonhundred-percent-fullwidth non-hundred-percent-height-scrolling\"  style='background-color: rgba(255,255,255,0);background-position: center center;background-repeat: no-repeat;padding-top:60px;padding-right:0px;padding-bottom:0px;padding-left:0px;'><div class=\"fusion-builder-row fusion-row \"><div  class=\"fusion-layout-column fusion_builder_column fusion_builder_column_1_2 fusion-builder-column-6 fusion-one-half fusion-column-first 1_2\"  style='margin-top:0px;margin-bottom:20px;width:50%;width:calc(50% - ( ( 4% ) * 0.5 ) );margin-right: 4%;'>\n\t\t\t\t\t<div class=\"fusion-column-wrapper\" style=\"padding: 0px 0px 0px 0px;background-position:left top;background-repeat:no-repeat;-webkit-background-size:cover;-moz-background-size:cover;-o-background-size:cover;background-size:cover;\"   data-bg-url=\"\">\n\t\t\t\t\t\t<div class=\"fusion-text\"><h2>Entstehung<\/h2>\n<p>Engagierte Attendorner B\u00fcrger haben am 12.06.1984 beschlossen, b\u00fcrgernah, unabh\u00e4ngig und sachbezogen politisch t\u00e4tig zu sein, da die Unzufriedenheit \u00fcber die damalige Mehrheitsfraktion immer gr\u00f6\u00dfer wurde. Die B\u00fcrger wollten eine aktive Mitgestaltung bei kommunalen politischen Themen und eine klare \u00c4nderung der Mehrheitsverh\u00e4ltnisse.<\/p>\n<p>Kurz gesagt, eine Politik nach Augenma\u00df!<br \/>\nSo entstand 1984 die Unabh\u00e4ngige-W\u00e4hler-Gemeinschaft Attendorn.<\/p>\n<p>Seither trifft die UWG Attendorn Entscheidungen ohne parteipolitischen Interessen und Zw\u00e4nge und setzt sich kritisch und sachlich mit anderen Parteien auseinander. Sie vertreten Entscheidungen welche die Lebensumst\u00e4nde der B\u00fcrgerinnen und B\u00fcrger unmittelbar ber\u00fchren.<\/p>\n<p>1984 beteiligte sich die UWG Attendorn erstmalig bei der Kommunalwahl und zog mit 4 Vertretern in den Rat der Hansestadt Attendorn. Bei allen folgenden Kommunalwahlen beteiligte sich die UWG Attendorn mit unterschiedlichen Erfolgen.<\/p>\n<p>2020 erreichte die UWG Attendorn bei den Kommunalwahlen 6,01% der Stimmen und ist derzeit mit 2 Mitgliedern im Rat der Hansestadt Attendorn vertreten. Diese Ratsmitglieder sind:<\/p>\n<ul>\n<li>Winfried Richard (Fraktionsvorsitzender)<\/li>\n<li>J\u00fcrgen Gro\u00dfe<\/li>\n<\/ul>\n<p>Seit dem 30.05.2018 ist die UWG Attendorn im Vereinsregister des Amtsgerichtes Siegen als e.V. eingetragen.<\/p>\n<\/div><div class=\"fusion-clearfix\"><\/div>\n\n\t\t\t\t\t<\/div>\n\t\t\t\t<\/div><div  class=\"fusion-layout-column fusion_builder_column fusion_builder_column_1_2 fusion-builder-column-7 fusion-one-half fusion-column-last 1_2\"  style='margin-top:0px;margin-bottom:20px;width:50%;width:calc(50% - ( ( 4% ) * 0.5 ) );'>\n\t\t\t\t\t<div class=\"fusion-column-wrapper\" style=\"border-left:1px solid #ffc800;padding: 0px 0px 0px 30px;background-position:left top;background-repeat:no-repeat;-webkit-background-size:cover;-moz-background-size:cover;-o-background-size:cover;background-size:cover;\"   data-bg-url=\"\">\n\t\t\t\t\t\t<div class=\"fusion-text\"><h2>Was macht die UWG?<\/h2>\n<p>Schon seit der Gr\u00fcndung wollte die UWG die politische Kultur in Attendorn grundlegend \u00e4ndern- und das haben Sie auch geschafft!<\/p>\n<p>Heute werden die Entscheidungen im Rathaus nicht mehr parteitaktisch behandelt, sondern in gemeinsamen, konstruktiven Gespr\u00e4chen mit allen Fraktionen, zum Wohle der Stadt Attendorn und Ihren B\u00fcrgern und B\u00fcrgerinnen entschieden.<\/p>\n<p>So war es die Idee der UWG Attendorn den Verkehrsfluss in der Attendorner Innenstadt neu zu regeln und zu entlasten. Diese Idee haben sie konsequent verfolgt und sind ma\u00dfgeblich dran beteiligt dass die Hansastra\u00dfe geplant und gebaut wurde.<\/p>\n<p>Weiterhin bleibt es das oberste Ziel der UWG Attendorn die Transparenz in der Kommunalpolitik zu erh\u00f6hen, die Meinungen der B\u00fcrger zu vertreten und die M\u00f6glichkeit zur Mitarbeit anzubieten. Aus diesem Grund ist der UWG Attendorn ein aktiver Dialog mit den B\u00fcrgern und B\u00fcrgerinnen der Stadt Attendorn besonders wichtig !<\/p>\n<\/div><div class=\"fusion-clearfix\"><\/div>\n\n\t\t\t\t\t<\/div>\n\t\t\t\t<\/div><\/div><\/div><\/p>\n","protected":false},"excerpt":{"rendered":"","protected":false},"author":1,"featured_media":0,"parent":0,"menu_order":20,"comment_status":"closed","ping_status":"closed","template":"100-width.php","meta":[],"_links":{"self":[{"href":"https:\/\/www.uwg-attendorn.de\/site\/wp-json\/wp\/v2\/pages\/92"}],"collection":[{"href":"https:\/\/www.uwg-attendorn.de\/site\/wp-json\/wp\/v2\/pages"}],"about":[{"href":"https:\/\/www.uwg-attendorn.de\/site\/wp-json\/wp\/v2\/types\/page"}],"author":[{"embeddable":true,"href":"https:\/\/www.uwg-attendorn.de\/site\/wp-json\/wp\/v2\/users\/1"}],"replies":[{"embeddable":true,"href":"https:\/\/www.uwg-attendorn.de\/site\/wp-json\/wp\/v2\/comments?post=92"}],"version-history":[{"count":1,"href":"https:\/\/www.uwg-attendorn.de\/site\/wp-json\/wp\/v2\/pages\/92\/revisions"}],"predecessor-version":[{"id":1333,"href":"https:\/\/www.uwg-attendorn.de\/site\/wp-json\/wp\/v2\/pages\/92\/revisions\/1333"}],"wp:attachment":[{"href":"https:\/\/www.uwg-attendorn.de\/site\/wp-json\/wp\/v2\/media?parent=92"}],"curies":[{"name":"wp","href":"https:\/\/api.w.org\/{rel}","templated":true}]}}